{"id":281,"date":"2018-02-03T18:27:56","date_gmt":"2018-02-03T20:27:56","guid":{"rendered":"https:\/\/silkbras.com.br\/?post_type=product&#038;p=281"},"modified":"2026-02-23T03:43:25","modified_gmt":"2026-02-23T06:43:25","slug":"adesivos-perfurados","status":"publish","type":"product","link":"http:\/\/silkbras.com.br\/?product=adesivos-perfurados","title":{"rendered":"Adesivos perfurados"},"content":{"rendered":"<ul>\n<li class=\"column col-13 last\">Ideais para ambiente que tenham divis\u00f3rias e portas de vidro como, escrit\u00f3rios, lojas e tamb\u00e9m resid\u00eancias. Sua aplica\u00e7\u00e3o permite bloquear parte visibilidade externa sem bloquear a luminosidade.<\/li>\n<\/ul>\n","protected":false},"excerpt":{"rendered":"<p>Ideais para ambiente que tenham divis\u00f3rias e portas de vidro como, escrit\u00f3rios, lojas e tamb\u00e9m resid\u00eancias. Sua aplica\u00e7\u00e3o permite bloquear parte visibilidade externa sem bloquear a luminosidade.<\/p>\n","protected":false},"featured_media":282,"comment_status":"open","ping_status":"closed","template":"","meta":[],"product_cat":[69],"product_tag":[75,76],"_links":{"self":[{"href":"http:\/\/silkbras.com.br\/index.php?rest_route=\/wp\/v2\/product\/281"}],"collection":[{"href":"http:\/\/silkbras.com.br\/index.php?rest_route=\/wp\/v2\/product"}],"about":[{"href":"http:\/\/silkbras.com.br\/index.php?rest_route=\/wp\/v2\/types\/product"}],"replies":[{"embeddable":true,"href":"http:\/\/silkbras.com.br\/index.php?rest_route=%2Fwp%2Fv2%2Fcomments&post=281"}],"wp:featuredmedia":[{"embeddable":true,"href":"http:\/\/silkbras.com.br\/index.php?rest_route=\/wp\/v2\/media\/282"}],"wp:attachment":[{"href":"http:\/\/silkbras.com.br\/index.php?rest_route=%2Fwp%2Fv2%2Fmedia&parent=281"}],"wp:term":[{"taxonomy":"product_cat","embeddable":true,"href":"http:\/\/silkbras.com.br\/index.php?rest_route=%2Fwp%2Fv2%2Fproduct_cat&post=281"},{"taxonomy":"product_tag","embeddable":true,"href":"http:\/\/silkbras.com.br\/index.php?rest_route=%2Fwp%2Fv2%2Fproduct_tag&post=281"}],"curies":[{"name":"wp","href":"https:\/\/api.w.org\/{rel}","templated":true}]}}