{"id":285,"date":"2018-02-03T18:44:22","date_gmt":"2018-02-03T20:44:22","guid":{"rendered":"https:\/\/silkbras.com.br\/?post_type=product&#038;p=285"},"modified":"2025-08-30T18:58:35","modified_gmt":"2025-08-30T21:58:35","slug":"fachadas","status":"publish","type":"product","link":"http:\/\/silkbras.com.br\/?product=fachadas","title":{"rendered":"Fachadas"},"content":{"rendered":"<ul>\n<li class=\"column col-13 last\">Utilizados como acabamento de frente de lojas. O objetivo da fachada \u00e9 chamar aten\u00e7\u00e3o do seu cliente, divulgando sua marca e servi\u00e7os sempre de forma visualmente bonita e chamativa. Fachadas podem ser compostas de diversas formas e vasta gama de materiais.<\/li>\n<\/ul>\n","protected":false},"excerpt":{"rendered":"<p>Utilizados como acabamento de frente de lojas. O objetivo da fachada \u00e9 chamar aten\u00e7\u00e3o do seu cliente, divulgando sua marca e servi\u00e7os sempre de forma visualmente bonita e chamativa. Fachadas podem ser compostas de diversas formas e vasta gama de materiais.<\/p>\n","protected":false},"featured_media":286,"comment_status":"open","ping_status":"closed","template":"","meta":[],"product_cat":[71],"product_tag":[78],"_links":{"self":[{"href":"http:\/\/silkbras.com.br\/index.php?rest_route=\/wp\/v2\/product\/285"}],"collection":[{"href":"http:\/\/silkbras.com.br\/index.php?rest_route=\/wp\/v2\/product"}],"about":[{"href":"http:\/\/silkbras.com.br\/index.php?rest_route=\/wp\/v2\/types\/product"}],"replies":[{"embeddable":true,"href":"http:\/\/silkbras.com.br\/index.php?rest_route=%2Fwp%2Fv2%2Fcomments&post=285"}],"wp:featuredmedia":[{"embeddable":true,"href":"http:\/\/silkbras.com.br\/index.php?rest_route=\/wp\/v2\/media\/286"}],"wp:attachment":[{"href":"http:\/\/silkbras.com.br\/index.php?rest_route=%2Fwp%2Fv2%2Fmedia&parent=285"}],"wp:term":[{"taxonomy":"product_cat","embeddable":true,"href":"http:\/\/silkbras.com.br\/index.php?rest_route=%2Fwp%2Fv2%2Fproduct_cat&post=285"},{"taxonomy":"product_tag","embeddable":true,"href":"http:\/\/silkbras.com.br\/index.php?rest_route=%2Fwp%2Fv2%2Fproduct_tag&post=285"}],"curies":[{"name":"wp","href":"https:\/\/api.w.org\/{rel}","templated":true}]}}