{"id":287,"date":"2018-02-03T18:51:47","date_gmt":"2018-02-03T20:51:47","guid":{"rendered":"https:\/\/silkbras.com.br\/?post_type=product&#038;p=287"},"modified":"2025-08-12T01:14:13","modified_gmt":"2025-08-12T04:14:13","slug":"impressao-digital","status":"publish","type":"product","link":"http:\/\/silkbras.com.br\/?product=impressao-digital","title":{"rendered":"Impress\u00e3o Digital"},"content":{"rendered":"<ul>\n<li>Independente do tamanho, uma impress\u00e3o requer qualidade e durabilidade. A SILKBRAS imprime seus projetos em lonas, adesivos e outros, com qualidade digital superior. Com equipamentos de \u00faltima gera\u00e7\u00e3o.<\/li>\n<\/ul>\n","protected":false},"excerpt":{"rendered":"<p>Independente do tamanho, uma impress\u00e3o requer qualidade e durabilidade. A SILKBRAS imprime seus projetos em lonas, adesivos e outros, com qualidade digital superior. Com equipamentos de \u00faltima gera\u00e7\u00e3o.<\/p>\n","protected":false},"featured_media":288,"comment_status":"open","ping_status":"closed","template":"","meta":[],"product_cat":[72],"product_tag":[80,79],"_links":{"self":[{"href":"http:\/\/silkbras.com.br\/index.php?rest_route=\/wp\/v2\/product\/287"}],"collection":[{"href":"http:\/\/silkbras.com.br\/index.php?rest_route=\/wp\/v2\/product"}],"about":[{"href":"http:\/\/silkbras.com.br\/index.php?rest_route=\/wp\/v2\/types\/product"}],"replies":[{"embeddable":true,"href":"http:\/\/silkbras.com.br\/index.php?rest_route=%2Fwp%2Fv2%2Fcomments&post=287"}],"wp:featuredmedia":[{"embeddable":true,"href":"http:\/\/silkbras.com.br\/index.php?rest_route=\/wp\/v2\/media\/288"}],"wp:attachment":[{"href":"http:\/\/silkbras.com.br\/index.php?rest_route=%2Fwp%2Fv2%2Fmedia&parent=287"}],"wp:term":[{"taxonomy":"product_cat","embeddable":true,"href":"http:\/\/silkbras.com.br\/index.php?rest_route=%2Fwp%2Fv2%2Fproduct_cat&post=287"},{"taxonomy":"product_tag","embeddable":true,"href":"http:\/\/silkbras.com.br\/index.php?rest_route=%2Fwp%2Fv2%2Fproduct_tag&post=287"}],"curies":[{"name":"wp","href":"https:\/\/api.w.org\/{rel}","templated":true}]}}