{"id":291,"date":"2018-02-03T18:56:32","date_gmt":"2018-02-03T20:56:32","guid":{"rendered":"https:\/\/silkbras.com.br\/?post_type=product&#038;p=291"},"modified":"2025-08-30T18:57:49","modified_gmt":"2025-08-30T21:57:49","slug":"totens","status":"publish","type":"product","link":"http:\/\/silkbras.com.br\/?product=totens","title":{"rendered":"Totens"},"content":{"rendered":"<ul>\n<li class=\"column col-13 last\">Aumenta a visibilidade da sua marca, o totem permite visualizar a propaganda de uma maior \u00a0dist\u00e2ncia. Constru\u00eddos para o uso interno ou externo, possuem v\u00e1rios formatos, podendo ser personalizados.<\/li>\n<\/ul>\n","protected":false},"excerpt":{"rendered":"<p>Aumenta a visibilidade da sua marca, o totem permite visualizar a propaganda de uma maior \u00a0dist\u00e2ncia. Constru\u00eddos para o uso interno ou externo, possuem v\u00e1rios formatos, podendo ser personalizados.<\/p>\n","protected":false},"featured_media":292,"comment_status":"open","ping_status":"closed","template":"","meta":[],"product_cat":[74],"product_tag":[83],"_links":{"self":[{"href":"http:\/\/silkbras.com.br\/index.php?rest_route=\/wp\/v2\/product\/291"}],"collection":[{"href":"http:\/\/silkbras.com.br\/index.php?rest_route=\/wp\/v2\/product"}],"about":[{"href":"http:\/\/silkbras.com.br\/index.php?rest_route=\/wp\/v2\/types\/product"}],"replies":[{"embeddable":true,"href":"http:\/\/silkbras.com.br\/index.php?rest_route=%2Fwp%2Fv2%2Fcomments&post=291"}],"wp:featuredmedia":[{"embeddable":true,"href":"http:\/\/silkbras.com.br\/index.php?rest_route=\/wp\/v2\/media\/292"}],"wp:attachment":[{"href":"http:\/\/silkbras.com.br\/index.php?rest_route=%2Fwp%2Fv2%2Fmedia&parent=291"}],"wp:term":[{"taxonomy":"product_cat","embeddable":true,"href":"http:\/\/silkbras.com.br\/index.php?rest_route=%2Fwp%2Fv2%2Fproduct_cat&post=291"},{"taxonomy":"product_tag","embeddable":true,"href":"http:\/\/silkbras.com.br\/index.php?rest_route=%2Fwp%2Fv2%2Fproduct_tag&post=291"}],"curies":[{"name":"wp","href":"https:\/\/api.w.org\/{rel}","templated":true}]}}